{"id":27,"date":"2023-05-07T17:41:42","date_gmt":"2023-05-07T15:41:42","guid":{"rendered":"https:\/\/test.sv-hamerstorf.de\/?page_id=27"},"modified":"2025-10-23T21:35:16","modified_gmt":"2025-10-23T19:35:16","slug":"vermietung","status":"publish","type":"page","link":"https:\/\/sv-hamerstorf.de\/wp\/vereinsheim\/vermietung\/","title":{"rendered":"Vermietung"},"content":{"rendered":"\n<p>Sie k\u00f6nnen auch unser Sch\u00fctzenhaus mieten f\u00fcr:<br>&#8211; Hochzeitsfeiern<br>&#8211; Familienfeiern<br>&#8211; Jubil\u00e4um o.\u00e4.<br>Wir bieten Ihnen einen Saal in der Gr\u00f6\u00dfe nach Ihrem pers\u00f6nlichen Bedarf, bis zu 130 Personen, einen Sch\u00fctzenplatz mit Parkm\u00f6glichkeiten. Geschirr kann auch gemietet werden, zus\u00e4tzlich hat das Sch\u00fctzenhaus einen Internetanschluss.<br>Informieren Sie sich bei: Kerstin Mielke-Wei\u00df, Tel.: 0159 05827395<\/p>\n\n\n\n<p><strong>Preise &amp; Buchungsinformationen<\/strong><\/p>\n\n\n\n<div class=\"wp-block-file\"><a id=\"wp-block-file--media-7356fb21-c6cd-44a2-9a85-2fa1ff73008c\" href=\"https:\/\/sv-hamerstorf.de\/wp\/wp-content\/uploads\/2024\/02\/Mietvertrag-Schuetzenhaus.pdf\" target=\"_blank\" rel=\"noreferrer noopener\"><strong>Mietvertrag Sch\u00fctzenhaus<\/strong><\/a><a href=\"https:\/\/sv-hamerstorf.de\/wp\/wp-content\/uploads\/2024\/02\/Mietvertrag-Schuetzenhaus.pdf\" class=\"wp-block-file__button wp-element-button\" download aria-describedby=\"wp-block-file--media-7356fb21-c6cd-44a2-9a85-2fa1ff73008c\">Herunterladen<\/a><\/div>\n\n\n\n<div class=\"wp-block-file\"><a id=\"wp-block-file--media-0a54d16e-75d1-4db2-a70c-2fb512553b94\" href=\"https:\/\/sv-hamerstorf.de\/wp\/wp-content\/uploads\/2025\/09\/Satzung-SV-Hamerstorf.pdf\" target=\"_blank\" rel=\"noreferrer noopener\"><strong>Satzung des Sch\u00fctzenvereins Hamerstorf<\/strong><\/a><a href=\"https:\/\/sv-hamerstorf.de\/wp\/wp-content\/uploads\/2025\/09\/Satzung-SV-Hamerstorf.pdf\" class=\"wp-block-file__button wp-element-button\" download aria-describedby=\"wp-block-file--media-0a54d16e-75d1-4db2-a70c-2fb512553b94\">Herunterladen<\/a><\/div>\n\n\n\n<p><\/p>\n","protected":false},"excerpt":{"rendered":"<p>Sie k\u00f6nnen auch unser Sch\u00fctzenhaus mieten f\u00fcr:&#8211; Hochzeitsfeiern&#8211; Familienfeiern&#8211; Jubil\u00e4um o.\u00e4.Wir bieten Ihnen einen Saal in der Gr\u00f6\u00dfe nach Ihrem pers\u00f6nlichen Bedarf, bis zu 130 Personen, einen Sch\u00fctzenplatz mit Parkm\u00f6glichkeiten. Geschirr kann auch gemietet werden, zus\u00e4tzlich hat das Sch\u00fctzenhaus einen Internetanschluss.Informieren Sie sich bei: Kerstin Mielke-Wei\u00df, Tel.: 0159 05827395 Preise &amp; Buchungsinformationen<\/p>\n","protected":false},"author":1,"featured_media":0,"parent":23,"menu_order":0,"comment_status":"closed","ping_status":"closed","template":"","meta":{"footnotes":""},"class_list":["post-27","page","type-page","status-publish"],"_links":{"self":[{"href":"https:\/\/sv-hamerstorf.de\/wp\/wp-json\/wp\/v2\/pages\/27","targetHints":{"allow":["GET"]}}],"collection":[{"href":"https:\/\/sv-hamerstorf.de\/wp\/wp-json\/wp\/v2\/pages"}],"about":[{"href":"https:\/\/sv-hamerstorf.de\/wp\/wp-json\/wp\/v2\/types\/page"}],"author":[{"embeddable":true,"href":"https:\/\/sv-hamerstorf.de\/wp\/wp-json\/wp\/v2\/users\/1"}],"replies":[{"embeddable":true,"href":"https:\/\/sv-hamerstorf.de\/wp\/wp-json\/wp\/v2\/comments?post=27"}],"version-history":[{"count":9,"href":"https:\/\/sv-hamerstorf.de\/wp\/wp-json\/wp\/v2\/pages\/27\/revisions"}],"predecessor-version":[{"id":382,"href":"https:\/\/sv-hamerstorf.de\/wp\/wp-json\/wp\/v2\/pages\/27\/revisions\/382"}],"up":[{"embeddable":true,"href":"https:\/\/sv-hamerstorf.de\/wp\/wp-json\/wp\/v2\/pages\/23"}],"wp:attachment":[{"href":"https:\/\/sv-hamerstorf.de\/wp\/wp-json\/wp\/v2\/media?parent=27"}],"curies":[{"name":"wp","href":"https:\/\/api.w.org\/{rel}","templated":true}]}}