{"id":357,"date":"2025-09-16T18:25:52","date_gmt":"2025-09-16T16:25:52","guid":{"rendered":"https:\/\/sv-hamerstorf.de\/wp\/?page_id=357"},"modified":"2026-04-19T20:50:32","modified_gmt":"2026-04-19T18:50:32","slug":"wir-suchen-dich","status":"publish","type":"page","link":"https:\/\/sv-hamerstorf.de\/wp\/wir-suchen-dich\/","title":{"rendered":"Wir suchen dich"},"content":{"rendered":"<div class=\"wp-block-image\">\n<figure class=\"aligncenter size-large is-resized\"><img loading=\"lazy\" decoding=\"async\" width=\"892\" height=\"1024\" src=\"https:\/\/sv-hamerstorf.de\/wp\/wp-content\/uploads\/2025\/09\/Wappen_SV_Hamerstorf-892x1024.jpg\" alt=\"\" class=\"wp-image-358\" style=\"width:90px\" srcset=\"https:\/\/sv-hamerstorf.de\/wp\/wp-content\/uploads\/2025\/09\/Wappen_SV_Hamerstorf-892x1024.jpg 892w, https:\/\/sv-hamerstorf.de\/wp\/wp-content\/uploads\/2025\/09\/Wappen_SV_Hamerstorf-261x300.jpg 261w, https:\/\/sv-hamerstorf.de\/wp\/wp-content\/uploads\/2025\/09\/Wappen_SV_Hamerstorf-768x881.jpg 768w, https:\/\/sv-hamerstorf.de\/wp\/wp-content\/uploads\/2025\/09\/Wappen_SV_Hamerstorf.jpg 995w\" sizes=\"auto, (max-width: 892px) 100vw, 892px\" \/><\/figure>\n<\/div>\n\n\n<p>Der Sch\u00fctzenverein Hamerstorf ist ein Verein in dem das Vereinsleben einen gro\u00dfen Stellenwert hat. An erster Stelle steht nat\u00fcrlich der Schie\u00dfsport. Bei uns kann geschossen werden (Jugendliche und Erwachsene) mit dem Luftgewehr, der Luftpistole, (Erwachsene) dem Kleinkalibergewehr und der Kleinkaliberpistole. Wir haben eine moderne elektronische Anlage. F\u00fcr Kinder und Jugendliche gibt es die M\u00f6glichkeit zur Verbesserung der Feinmotorik mit dem Lichtpunktgewehrgewehr auf eine Scheibe in Verbindung mit der Computersimulation zu schie\u00dfen. Neu haben wir die M\u00f6glichkeit des Blasrohrschie\u00dfens.<\/p>\n\n\n\n<p><strong>Schie\u00dfsport:<\/strong><br>&#8211; Teilnahme am Schie\u00dfsport mit verschiedenen Waffenarten<br>&#8211; Kinder k\u00f6nnen Ihre Feinmotorik verbessern<br>&#8211; Teilnahme an Wettbewerben<\/p>\n\n\n\n<p><strong>Vereinsleben:<\/strong><br>&#8211; Wanderungen und Fahrradtouren<br>&#8211; Tagesfahrten<br>&#8211; Preisskat und Knobeln<br>&#8211; Jugendarbeit<br><br><\/p>\n\n\n\n<p><strong>Im Sch\u00fctzenhaus findet das \u00dcbungsschie\u00dfen jeden Mittwoch ab 18.00 Uhr statt (in den Ferien nach Absprache).<\/strong><\/p>\n\n\n\n<p>Wer <strong>Interesse <\/strong>hat, den Sch\u00fctzenverein Hamerstorf kennen zu lernen, kann sich melden bei:<br>Ehrenmajor: Burghard Wei\u00df, Tel.: 0170 8635882<br>2. Vorsitzender: Timo Schlese, Tel.: 0176 24648420<br>Schie\u00dfsportleiter: Jens Hillmer (<a href=\"https:\/\/sv-hamerstorf.de\/wp\/kontakt\/\" data-type=\"page\" data-id=\"162\">Kontakt<\/a>)<br> oder per E-Mail info@sv-hamerstorf.de<\/p>\n\n\n\n<p>Wir freuen uns, wenn Sie sich f\u00fcr unseren Verein und unser Vereinsleben interessieren.<\/p>\n\n\n\n<p><\/p>\n\n\n\n<p><\/p>\n\n\n\n<p><\/p>\n\n\n\n<p><strong>Sie k\u00f6nnen auch unser Sch\u00fctzenhaus mieten f\u00fcr:<\/strong><br>&#8211; Hochzeitsfeiern<br>&#8211; Familienfeiern<br>&#8211; Jubil\u00e4um o.\u00e4.<br>Wir bieten Ihnen einen Saal in der Gr\u00f6\u00dfe nach Ihrem pers\u00f6nlichen Bedarf, bis zu 130<br>Personen, einen Sch\u00fctzenplatz mit Parkm\u00f6glichkeiten. Geschirr kann auch gemietet<br>werden, zus\u00e4tzlich hat das Sch\u00fctzenhaus einen Internetanschluss.<br>Informieren Sie sich bei: Kerstin Mielke-Wei\u00df Tel.: 01 59 \/ 0 58 27 39 5<br>oder im Internet unter www.sv-hamerstorf.de<\/p>\n\n\n\n<div class=\"wp-block-file\"><a id=\"wp-block-file--media-1e882064-db0a-422d-9195-75b8e0130843\" href=\"https:\/\/sv-hamerstorf.de\/wp\/wp-content\/uploads\/2025\/09\/Aufnahmeantrag-SV-Hamerstorf.pdf\" target=\"_blank\" rel=\"noreferrer noopener\"><strong>Aufnahmeantrag SV Hamerstorf<\/strong><\/a><a href=\"https:\/\/sv-hamerstorf.de\/wp\/wp-content\/uploads\/2025\/09\/Aufnahmeantrag-SV-Hamerstorf.pdf\" class=\"wp-block-file__button wp-element-button\" download aria-describedby=\"wp-block-file--media-1e882064-db0a-422d-9195-75b8e0130843\">Herunterladen<\/a><\/div>\n\n\n\n<div class=\"wp-block-file\"><a id=\"wp-block-file--media-1baa1b88-2128-492a-a4dc-25cbfd706971\" href=\"https:\/\/sv-hamerstorf.de\/wp\/wp-content\/uploads\/2025\/09\/Satzung-SV-Hamerstorf.pdf\" target=\"_blank\" rel=\"noreferrer noopener\"><strong>Satzung SV Hamerstorf<\/strong><\/a><a href=\"https:\/\/sv-hamerstorf.de\/wp\/wp-content\/uploads\/2025\/09\/Satzung-SV-Hamerstorf.pdf\" class=\"wp-block-file__button wp-element-button\" download aria-describedby=\"wp-block-file--media-1baa1b88-2128-492a-a4dc-25cbfd706971\">Herunterladen<\/a><\/div>\n\n\n\n<hr class=\"wp-block-separator has-alpha-channel-opacity\"\/>\n","protected":false},"excerpt":{"rendered":"<p>Der Sch\u00fctzenverein Hamerstorf ist ein Verein in dem das Vereinsleben einen gro\u00dfen Stellenwert hat. An erster Stelle steht nat\u00fcrlich der Schie\u00dfsport. Bei uns kann geschossen werden (Jugendliche und Erwachsene) mit dem Luftgewehr, der Luftpistole, (Erwachsene) dem Kleinkalibergewehr und der Kleinkaliberpistole. Wir haben eine moderne elektronische Anlage. F\u00fcr Kinder und Jugendliche gibt es die M\u00f6glichkeit zur &#8230; <a title=\"Wir suchen dich\" class=\"read-more\" href=\"https:\/\/sv-hamerstorf.de\/wp\/wir-suchen-dich\/\" aria-label=\"Mehr Informationen \u00fcber Wir suchen dich\">Weiterlesen<\/a><\/p>\n","protected":false},"author":1,"featured_media":0,"parent":0,"menu_order":0,"comment_status":"closed","ping_status":"closed","template":"","meta":{"footnotes":""},"class_list":["post-357","page","type-page","status-publish"],"_links":{"self":[{"href":"https:\/\/sv-hamerstorf.de\/wp\/wp-json\/wp\/v2\/pages\/357","targetHints":{"allow":["GET"]}}],"collection":[{"href":"https:\/\/sv-hamerstorf.de\/wp\/wp-json\/wp\/v2\/pages"}],"about":[{"href":"https:\/\/sv-hamerstorf.de\/wp\/wp-json\/wp\/v2\/types\/page"}],"author":[{"embeddable":true,"href":"https:\/\/sv-hamerstorf.de\/wp\/wp-json\/wp\/v2\/users\/1"}],"replies":[{"embeddable":true,"href":"https:\/\/sv-hamerstorf.de\/wp\/wp-json\/wp\/v2\/comments?post=357"}],"version-history":[{"count":10,"href":"https:\/\/sv-hamerstorf.de\/wp\/wp-json\/wp\/v2\/pages\/357\/revisions"}],"predecessor-version":[{"id":405,"href":"https:\/\/sv-hamerstorf.de\/wp\/wp-json\/wp\/v2\/pages\/357\/revisions\/405"}],"wp:attachment":[{"href":"https:\/\/sv-hamerstorf.de\/wp\/wp-json\/wp\/v2\/media?parent=357"}],"curies":[{"name":"wp","href":"https:\/\/api.w.org\/{rel}","templated":true}]}}